





{"id":760,"date":"2023-10-12T16:12:10","date_gmt":"2023-10-12T07:12:10","guid":{"rendered":"https:\/\/maruyama.hokkaidotougei.com\/?page_id=760"},"modified":"2023-10-12T16:19:27","modified_gmt":"2023-10-12T07:19:27","slug":"%e3%81%93%e3%81%a9%e3%82%82%e9%99%b6%e8%8a%b8%e6%95%99%e5%ae%a4","status":"publish","type":"page","link":"https:\/\/maruyama.hokkaidotougei.com\/?page_id=760","title":{"rendered":"\u3053\u3069\u3082\u9676\u82b8\u6559\u5ba4"},"content":{"rendered":"\n<figure class=\"wp-block-gallery has-nested-images columns-default is-cropped wp-block-gallery-1 is-layout-flex wp-block-gallery-is-layout-flex\">\n<figure class=\"wp-block-image size-large\"><img loading=\"lazy\" decoding=\"async\" width=\"1024\" height=\"538\" data-id=\"763\" src=\"https:\/\/maruyama.hokkaidotougei.com\/wp-content\/uploads\/2023\/10\/kids_2-1024x538.jpg\" alt=\"\" class=\"wp-image-763\" srcset=\"https:\/\/maruyama.hokkaidotougei.com\/wp-content\/uploads\/2023\/10\/kids_2-1024x538.jpg 1024w, https:\/\/maruyama.hokkaidotougei.com\/wp-content\/uploads\/2023\/10\/kids_2-300x158.jpg 300w, https:\/\/maruyama.hokkaidotougei.com\/wp-content\/uploads\/2023\/10\/kids_2-768x403.jpg 768w, https:\/\/maruyama.hokkaidotougei.com\/wp-content\/uploads\/2023\/10\/kids_2.jpg 1200w\" sizes=\"auto, (max-width: 1024px) 100vw, 1024px\" \/><\/figure>\n<\/figure>\n\n\n\n<p><br><\/p>\n\n\n\n<figure class=\"wp-block-gallery has-nested-images columns-default is-cropped wp-block-gallery-2 is-layout-flex wp-block-gallery-is-layout-flex\">\n<figure class=\"wp-block-image size-large\"><img loading=\"lazy\" decoding=\"async\" width=\"1024\" height=\"526\" data-id=\"790\" src=\"https:\/\/maruyama.hokkaidotougei.com\/wp-content\/uploads\/2023\/10\/Copy-of-Copy-of-Copy-of-Copy-of-fff-72-\u00d7-20-in-72-\u00d7-30-in-72-\u00d7-37-in-1024x526.jpg\" alt=\"\" class=\"wp-image-790\" srcset=\"https:\/\/maruyama.hokkaidotougei.com\/wp-content\/uploads\/2023\/10\/Copy-of-Copy-of-Copy-of-Copy-of-fff-72-\u00d7-20-in-72-\u00d7-30-in-72-\u00d7-37-in-1024x526.jpg 1024w, https:\/\/maruyama.hokkaidotougei.com\/wp-content\/uploads\/2023\/10\/Copy-of-Copy-of-Copy-of-Copy-of-fff-72-\u00d7-20-in-72-\u00d7-30-in-72-\u00d7-37-in-300x154.jpg 300w, https:\/\/maruyama.hokkaidotougei.com\/wp-content\/uploads\/2023\/10\/Copy-of-Copy-of-Copy-of-Copy-of-fff-72-\u00d7-20-in-72-\u00d7-30-in-72-\u00d7-37-in-768x395.jpg 768w, https:\/\/maruyama.hokkaidotougei.com\/wp-content\/uploads\/2023\/10\/Copy-of-Copy-of-Copy-of-Copy-of-fff-72-\u00d7-20-in-72-\u00d7-30-in-72-\u00d7-37-in-1536x789.jpg 1536w, https:\/\/maruyama.hokkaidotougei.com\/wp-content\/uploads\/2023\/10\/Copy-of-Copy-of-Copy-of-Copy-of-fff-72-\u00d7-20-in-72-\u00d7-30-in-72-\u00d7-37-in-2048x1052.jpg 2048w\" sizes=\"auto, (max-width: 1024px) 100vw, 1024px\" \/><\/figure>\n<\/figure>\n\n\n\n<p><br><strong>\u76ee\u6a19\u3092\u3082\u3063\u3066\u5236\u4f5c\u306b\u53d6\u308a\u7d44\u3080<\/strong><br>\u2605\u9053\u5185\u3067\u958b\u50ac\u3055\u308c\u308b\u9676\u82b8\u5c55\u306b\u53c2\u52a0\u3059\u308b\u3002<br>\uff08\u904e\u53bb\u306b\u306f\u6700\u9ad8\u8cde\u53d7\u8cde\u8005\u3082\uff01\u5b50\u4f9b\u305f\u3061\u306e\u81ea\u4fe1\u3068\u610f\u6b32\u306b\u3064\u306a\u304c\u3063\u3066\u3044\u307e\u3059\uff09<br><\/p>\n\n\n\n<p><strong>\u65e5\u672c\u306e\u4f1d\u7d71\u6587\u5316\u306b\u89e6\u308c\u308b<\/strong><br>\u2605\u5099\u524d\u30fb\u7c89\u5f15\u304d\u30fb\u70ad\u5316\u30fb\u7a74\u7aaf\u30fb\u767b\u308a\u7aaf\u3068\u3001\u4e00\u5e74\u306b\u69d8\u3005\u306a\u4f53\u9a13\u304c\u3067\u304d\u307e\u3059\u3002<\/p>\n\n\n\n<p>\u2605\u571f\u30fb\u91c9\u85ac\u306e\u7a2e\u985e\u304c\u8c4a\u5bcc\u3002\u6559\u5ba4\u4e2d\u306b\u898b\u672c\u304c\u3044\u3063\u3071\u3044\uff01<br>\u4f59\u8ac7<br>\u306e\u3073\u306e\u3073\u3068\u7c98\u571f\u3092\u3053\u306d\u3066\u3001\u81ea\u5206\u304c\u4f5c\u308a\u305f\u3044\u3082\u306e\u3092\u4f5c\u3063\u3066\u307f\u3088\u3046\u3002<br>\u60f3\u50cf\u529b\u3084\u4f5c\u308b\u559c\u3073\u3092\u3001\u305d\u3057\u3066\u4f5c\u3063\u305f\u5668\u3067\u98df\u3079\u308c\u306a\u304b\u3063\u305f\u98df\u3079\u7269\u3092\u514b\u670d\u3057\u3088\u3046\uff01<\/p>\n\n\n\n<figure class=\"wp-block-gallery has-nested-images columns-default is-cropped wp-block-gallery-3 is-layout-flex wp-block-gallery-is-layout-flex\">\n<figure class=\"wp-block-image size-large\"><img loading=\"lazy\" decoding=\"async\" width=\"1024\" height=\"427\" data-id=\"766\" src=\"https:\/\/maruyama.hokkaidotougei.com\/wp-content\/uploads\/2023\/10\/hakkutsu-1-1024x427.jpg\" alt=\"\" class=\"wp-image-766\" srcset=\"https:\/\/maruyama.hokkaidotougei.com\/wp-content\/uploads\/2023\/10\/hakkutsu-1-1024x427.jpg 1024w, https:\/\/maruyama.hokkaidotougei.com\/wp-content\/uploads\/2023\/10\/hakkutsu-1-300x125.jpg 300w, https:\/\/maruyama.hokkaidotougei.com\/wp-content\/uploads\/2023\/10\/hakkutsu-1-768x320.jpg 768w, https:\/\/maruyama.hokkaidotougei.com\/wp-content\/uploads\/2023\/10\/hakkutsu-1-1536x640.jpg 1536w, https:\/\/maruyama.hokkaidotougei.com\/wp-content\/uploads\/2023\/10\/hakkutsu-1-2048x853.jpg 2048w\" sizes=\"auto, (max-width: 1024px) 100vw, 1024px\" \/><\/figure>\n<\/figure>\n\n\n\n<div class=\"wp-block-buttons alignwide is-content-justification-center is-layout-flex wp-container-core-buttons-is-layout-a89b3969 wp-block-buttons-is-layout-flex\">\n<div class=\"wp-block-button\"><a class=\"wp-block-button__link wp-element-button\" href=\"https:\/\/maruyama.hokkaidotougei.com\/?page_id=191\">\u304a\u554f\u3044\u5408\u308f\u305b<\/a><\/div>\n<\/div>\n","protected":false},"excerpt":{"rendered":"<p>\u76ee\u6a19\u3092\u3082\u3063\u3066\u5236\u4f5c\u306b\u53d6\u308a\u7d44\u3080\u2605\u9053\u5185\u3067\u958b\u50ac\u3055\u308c\u308b\u9676\u82b8\u5c55\u306b\u53c2\u52a0\u3059\u308b\u3002\uff08\u904e\u53bb\u306b\u306f\u6700\u9ad8\u8cde\u53d7\u8cde\u8005\u3082\uff01\u5b50\u4f9b\u305f\u3061\u306e\u81ea\u4fe1\u3068\u610f\u6b32\u306b\u3064\u306a\u304c\u3063\u3066\u3044\u307e\u3059\uff09 \u65e5\u672c\u306e\u4f1d\u7d71\u6587\u5316\u306b\u89e6\u308c\u308b\u2605\u5099\u524d\u30fb\u7c89\u5f15\u304d\u30fb\u70ad\u5316\u30fb\u7a74\u7aaf\u30fb\u767b\u308a\u7aaf\u3068\u3001\u4e00\u5e74\u306b\u69d8\u3005\u306a\u4f53\u9a13\u304c\u3067\u304d\u307e\u3059\u3002  [&hellip;]<\/p>\n","protected":false},"author":1,"featured_media":0,"parent":0,"menu_order":0,"comment_status":"closed","ping_status":"closed","template":"","meta":{"_editorskit_title_hidden":false,"_editorskit_reading_time":0,"_editorskit_is_block_options_detached":false,"_editorskit_block_options_position":"{}","_themeisle_gutenberg_block_has_review":false,"footnotes":""},"class_list":["post-760","page","type-page","status-publish","hentry"],"jetpack_sharing_enabled":true,"_links":{"self":[{"href":"https:\/\/maruyama.hokkaidotougei.com\/index.php?rest_route=\/wp\/v2\/pages\/760","targetHints":{"allow":["GET"]}}],"collection":[{"href":"https:\/\/maruyama.hokkaidotougei.com\/index.php?rest_route=\/wp\/v2\/pages"}],"about":[{"href":"https:\/\/maruyama.hokkaidotougei.com\/index.php?rest_route=\/wp\/v2\/types\/page"}],"author":[{"embeddable":true,"href":"https:\/\/maruyama.hokkaidotougei.com\/index.php?rest_route=\/wp\/v2\/users\/1"}],"replies":[{"embeddable":true,"href":"https:\/\/maruyama.hokkaidotougei.com\/index.php?rest_route=%2Fwp%2Fv2%2Fcomments&post=760"}],"version-history":[{"count":7,"href":"https:\/\/maruyama.hokkaidotougei.com\/index.php?rest_route=\/wp\/v2\/pages\/760\/revisions"}],"predecessor-version":[{"id":796,"href":"https:\/\/maruyama.hokkaidotougei.com\/index.php?rest_route=\/wp\/v2\/pages\/760\/revisions\/796"}],"wp:attachment":[{"href":"https:\/\/maruyama.hokkaidotougei.com\/index.php?rest_route=%2Fwp%2Fv2%2Fmedia&parent=760"}],"curies":[{"name":"wp","href":"https:\/\/api.w.org\/{rel}","templated":true}]}}