





{"id":632,"date":"2023-08-28T12:13:07","date_gmt":"2023-08-28T03:13:07","guid":{"rendered":"https:\/\/maruyama.hokkaidotougei.com\/?page_id=632"},"modified":"2023-08-28T14:57:01","modified_gmt":"2023-08-28T05:57:01","slug":"%e3%83%96%e3%83%a9%e3%82%a4%e3%83%80%e3%83%ab%e3%82%b3%e3%83%bc%e3%82%b9","status":"publish","type":"page","link":"https:\/\/maruyama.hokkaidotougei.com\/?page_id=632","title":{"rendered":"\u30d6\u30e9\u30a4\u30c0\u30eb\u30b3\u30fc\u30b9"},"content":{"rendered":"\n<figure class=\"wp-block-gallery has-nested-images columns-default is-cropped wp-block-gallery-1 is-layout-flex wp-block-gallery-is-layout-flex\">\n<figure class=\"wp-block-image size-large\"><img loading=\"lazy\" decoding=\"async\" width=\"1024\" height=\"512\" data-id=\"635\" src=\"https:\/\/maruyama.hokkaidotougei.com\/wp-content\/uploads\/2023\/08\/fff-1-1024x512.png\" alt=\"\" class=\"wp-image-635\" srcset=\"https:\/\/maruyama.hokkaidotougei.com\/wp-content\/uploads\/2023\/08\/fff-1-1024x512.png 1024w, https:\/\/maruyama.hokkaidotougei.com\/wp-content\/uploads\/2023\/08\/fff-1-300x150.png 300w, https:\/\/maruyama.hokkaidotougei.com\/wp-content\/uploads\/2023\/08\/fff-1-768x384.png 768w, https:\/\/maruyama.hokkaidotougei.com\/wp-content\/uploads\/2023\/08\/fff-1-1536x768.png 1536w, https:\/\/maruyama.hokkaidotougei.com\/wp-content\/uploads\/2023\/08\/fff-1-2048x1024.png 2048w\" sizes=\"auto, (max-width: 1024px) 100vw, 1024px\" \/><\/figure>\n<\/figure>\n\n\n\n<figure class=\"wp-block-image size-large\"><img loading=\"lazy\" decoding=\"async\" width=\"1024\" height=\"284\" src=\"https:\/\/maruyama.hokkaidotougei.com\/wp-content\/uploads\/2023\/08\/Copy-of-fff-72-\u00d7-20-in-1024x284.png\" alt=\"\" class=\"wp-image-642\" srcset=\"https:\/\/maruyama.hokkaidotougei.com\/wp-content\/uploads\/2023\/08\/Copy-of-fff-72-\u00d7-20-in-1024x284.png 1024w, https:\/\/maruyama.hokkaidotougei.com\/wp-content\/uploads\/2023\/08\/Copy-of-fff-72-\u00d7-20-in-300x83.png 300w, https:\/\/maruyama.hokkaidotougei.com\/wp-content\/uploads\/2023\/08\/Copy-of-fff-72-\u00d7-20-in-768x213.png 768w, https:\/\/maruyama.hokkaidotougei.com\/wp-content\/uploads\/2023\/08\/Copy-of-fff-72-\u00d7-20-in-1536x427.png 1536w, https:\/\/maruyama.hokkaidotougei.com\/wp-content\/uploads\/2023\/08\/Copy-of-fff-72-\u00d7-20-in-2048x569.png 2048w\" sizes=\"auto, (max-width: 1024px) 100vw, 1024px\" \/><\/figure>\n\n\n\n<figure class=\"wp-block-gallery has-nested-images columns-default is-cropped wp-block-gallery-2 is-layout-flex wp-block-gallery-is-layout-flex\">\n<figure class=\"wp-block-image size-large\"><img loading=\"lazy\" decoding=\"async\" width=\"1024\" height=\"427\" data-id=\"645\" src=\"https:\/\/maruyama.hokkaidotougei.com\/wp-content\/uploads\/2023\/08\/Copy-of-Copy-of-fff-72-\u00d7-20-in-72-\u00d7-30-in-1024x427.png\" alt=\"\" class=\"wp-image-645\" srcset=\"https:\/\/maruyama.hokkaidotougei.com\/wp-content\/uploads\/2023\/08\/Copy-of-Copy-of-fff-72-\u00d7-20-in-72-\u00d7-30-in-1024x427.png 1024w, https:\/\/maruyama.hokkaidotougei.com\/wp-content\/uploads\/2023\/08\/Copy-of-Copy-of-fff-72-\u00d7-20-in-72-\u00d7-30-in-300x125.png 300w, https:\/\/maruyama.hokkaidotougei.com\/wp-content\/uploads\/2023\/08\/Copy-of-Copy-of-fff-72-\u00d7-20-in-72-\u00d7-30-in-768x320.png 768w, https:\/\/maruyama.hokkaidotougei.com\/wp-content\/uploads\/2023\/08\/Copy-of-Copy-of-fff-72-\u00d7-20-in-72-\u00d7-30-in-1536x640.png 1536w, https:\/\/maruyama.hokkaidotougei.com\/wp-content\/uploads\/2023\/08\/Copy-of-Copy-of-fff-72-\u00d7-20-in-72-\u00d7-30-in-2048x853.png 2048w\" sizes=\"auto, (max-width: 1024px) 100vw, 1024px\" \/><\/figure>\n<\/figure>\n\n\n\n<figure class=\"wp-block-gallery has-nested-images columns-default is-cropped wp-block-gallery-3 is-layout-flex wp-block-gallery-is-layout-flex\">\n<figure class=\"wp-block-image size-large\"><img loading=\"lazy\" decoding=\"async\" width=\"1024\" height=\"526\" data-id=\"647\" src=\"https:\/\/maruyama.hokkaidotougei.com\/wp-content\/uploads\/2023\/08\/Copy-of-Copy-of-Copy-of-fff-72-\u00d7-20-in-72-\u00d7-30-in-72-\u00d7-37-in-1024x526.png\" alt=\"\" class=\"wp-image-647\" srcset=\"https:\/\/maruyama.hokkaidotougei.com\/wp-content\/uploads\/2023\/08\/Copy-of-Copy-of-Copy-of-fff-72-\u00d7-20-in-72-\u00d7-30-in-72-\u00d7-37-in-1024x526.png 1024w, https:\/\/maruyama.hokkaidotougei.com\/wp-content\/uploads\/2023\/08\/Copy-of-Copy-of-Copy-of-fff-72-\u00d7-20-in-72-\u00d7-30-in-72-\u00d7-37-in-300x154.png 300w, https:\/\/maruyama.hokkaidotougei.com\/wp-content\/uploads\/2023\/08\/Copy-of-Copy-of-Copy-of-fff-72-\u00d7-20-in-72-\u00d7-30-in-72-\u00d7-37-in-768x395.png 768w, https:\/\/maruyama.hokkaidotougei.com\/wp-content\/uploads\/2023\/08\/Copy-of-Copy-of-Copy-of-fff-72-\u00d7-20-in-72-\u00d7-30-in-72-\u00d7-37-in-1536x789.png 1536w, https:\/\/maruyama.hokkaidotougei.com\/wp-content\/uploads\/2023\/08\/Copy-of-Copy-of-Copy-of-fff-72-\u00d7-20-in-72-\u00d7-30-in-72-\u00d7-37-in-2048x1052.png 2048w\" sizes=\"auto, (max-width: 1024px) 100vw, 1024px\" \/><\/figure>\n<\/figure>\n\n\n\n<figure class=\"wp-block-image size-large\"><a href=\"https:\/\/maruyama.hokkaidotougei.com\/?page_id=27\"><img loading=\"lazy\" decoding=\"async\" width=\"1024\" height=\"526\" src=\"https:\/\/maruyama.hokkaidotougei.com\/wp-content\/uploads\/2023\/08\/Copy-of-Copy-of-Copy-of-Copy-of-fff-72-\u00d7-20-in-72-\u00d7-30-in-72-\u00d7-37-in-1024x526.png\" alt=\"\" class=\"wp-image-649\" srcset=\"https:\/\/maruyama.hokkaidotougei.com\/wp-content\/uploads\/2023\/08\/Copy-of-Copy-of-Copy-of-Copy-of-fff-72-\u00d7-20-in-72-\u00d7-30-in-72-\u00d7-37-in-1024x526.png 1024w, https:\/\/maruyama.hokkaidotougei.com\/wp-content\/uploads\/2023\/08\/Copy-of-Copy-of-Copy-of-Copy-of-fff-72-\u00d7-20-in-72-\u00d7-30-in-72-\u00d7-37-in-300x154.png 300w, https:\/\/maruyama.hokkaidotougei.com\/wp-content\/uploads\/2023\/08\/Copy-of-Copy-of-Copy-of-Copy-of-fff-72-\u00d7-20-in-72-\u00d7-30-in-72-\u00d7-37-in-768x395.png 768w, https:\/\/maruyama.hokkaidotougei.com\/wp-content\/uploads\/2023\/08\/Copy-of-Copy-of-Copy-of-Copy-of-fff-72-\u00d7-20-in-72-\u00d7-30-in-72-\u00d7-37-in-1536x789.png 1536w, https:\/\/maruyama.hokkaidotougei.com\/wp-content\/uploads\/2023\/08\/Copy-of-Copy-of-Copy-of-Copy-of-fff-72-\u00d7-20-in-72-\u00d7-30-in-72-\u00d7-37-in-2048x1052.png 2048w\" sizes=\"auto, (max-width: 1024px) 100vw, 1024px\" \/><\/a><\/figure>\n","protected":false},"excerpt":{"rendered":"","protected":false},"author":1,"featured_media":0,"parent":0,"menu_order":0,"comment_status":"closed","ping_status":"closed","template":"","meta":{"_editorskit_title_hidden":false,"_editorskit_reading_time":0,"_editorskit_is_block_options_detached":false,"_editorskit_block_options_position":"{}","_themeisle_gutenberg_block_has_review":false,"footnotes":""},"class_list":["post-632","page","type-page","status-publish","hentry"],"jetpack_sharing_enabled":true,"_links":{"self":[{"href":"https:\/\/maruyama.hokkaidotougei.com\/index.php?rest_route=\/wp\/v2\/pages\/632","targetHints":{"allow":["GET"]}}],"collection":[{"href":"https:\/\/maruyama.hokkaidotougei.com\/index.php?rest_route=\/wp\/v2\/pages"}],"about":[{"href":"https:\/\/maruyama.hokkaidotougei.com\/index.php?rest_route=\/wp\/v2\/types\/page"}],"author":[{"embeddable":true,"href":"https:\/\/maruyama.hokkaidotougei.com\/index.php?rest_route=\/wp\/v2\/users\/1"}],"replies":[{"embeddable":true,"href":"https:\/\/maruyama.hokkaidotougei.com\/index.php?rest_route=%2Fwp%2Fv2%2Fcomments&post=632"}],"version-history":[{"count":8,"href":"https:\/\/maruyama.hokkaidotougei.com\/index.php?rest_route=\/wp\/v2\/pages\/632\/revisions"}],"predecessor-version":[{"id":651,"href":"https:\/\/maruyama.hokkaidotougei.com\/index.php?rest_route=\/wp\/v2\/pages\/632\/revisions\/651"}],"wp:attachment":[{"href":"https:\/\/maruyama.hokkaidotougei.com\/index.php?rest_route=%2Fwp%2Fv2%2Fmedia&parent=632"}],"curies":[{"name":"wp","href":"https:\/\/api.w.org\/{rel}","templated":true}]}}